{"id":142,"date":"2023-07-15T09:17:07","date_gmt":"2023-07-15T09:17:07","guid":{"rendered":"http:\/\/www.bemsinsaat.com.tr\/?page_id=142"},"modified":"2024-04-23T13:01:28","modified_gmt":"2024-04-23T13:01:28","slug":"ic-mimarlik","status":"publish","type":"page","link":"https:\/\/bemsinsaat.com.tr\/index.php\/ic-mimarlik\/","title":{"rendered":"\u0130\u00e7 Mimarl\u0131k"},"content":{"rendered":"<p><img loading=\"lazy\" decoding=\"async\" class=\"alignnone size-full wp-image-164\" src=\"http:\/\/bemsinsaat.com.tr\/wp-content\/uploads\/2024\/04\/muhendislik-resmi.jpg\" alt=\"\" width=\"1024\" height=\"768\" srcset=\"https:\/\/bemsinsaat.com.tr\/wp-content\/uploads\/2024\/04\/muhendislik-resmi.jpg 1024w, https:\/\/bemsinsaat.com.tr\/wp-content\/uploads\/2024\/04\/muhendislik-resmi-300x225.jpg 300w, https:\/\/bemsinsaat.com.tr\/wp-content\/uploads\/2024\/04\/muhendislik-resmi-768x576.jpg 768w\" sizes=\"auto, (max-width: 1024px) 100vw, 1024px\" \/> <img loading=\"lazy\" decoding=\"async\" class=\"alignnone size-full wp-image-158\" src=\"http:\/\/bemsinsaat.com.tr\/wp-content\/uploads\/2024\/04\/arka-plan.jpg\" alt=\"\" width=\"736\" height=\"1104\" srcset=\"https:\/\/bemsinsaat.com.tr\/wp-content\/uploads\/2024\/04\/arka-plan.jpg 736w, https:\/\/bemsinsaat.com.tr\/wp-content\/uploads\/2024\/04\/arka-plan-200x300.jpg 200w, https:\/\/bemsinsaat.com.tr\/wp-content\/uploads\/2024\/04\/arka-plan-683x1024.jpg 683w\" sizes=\"auto, (max-width: 736px) 100vw, 736px\" \/><\/p>\n","protected":false},"excerpt":{"rendered":"","protected":false},"author":1,"featured_media":0,"parent":0,"menu_order":0,"comment_status":"closed","ping_status":"closed","template":"","meta":{"footnotes":""},"class_list":["post-142","page","type-page","status-publish","hentry"],"_links":{"self":[{"href":"https:\/\/bemsinsaat.com.tr\/index.php\/wp-json\/wp\/v2\/pages\/142","targetHints":{"allow":["GET"]}}],"collection":[{"href":"https:\/\/bemsinsaat.com.tr\/index.php\/wp-json\/wp\/v2\/pages"}],"about":[{"href":"https:\/\/bemsinsaat.com.tr\/index.php\/wp-json\/wp\/v2\/types\/page"}],"author":[{"embeddable":true,"href":"https:\/\/bemsinsaat.com.tr\/index.php\/wp-json\/wp\/v2\/users\/1"}],"replies":[{"embeddable":true,"href":"https:\/\/bemsinsaat.com.tr\/index.php\/wp-json\/wp\/v2\/comments?post=142"}],"version-history":[{"count":2,"href":"https:\/\/bemsinsaat.com.tr\/index.php\/wp-json\/wp\/v2\/pages\/142\/revisions"}],"predecessor-version":[{"id":229,"href":"https:\/\/bemsinsaat.com.tr\/index.php\/wp-json\/wp\/v2\/pages\/142\/revisions\/229"}],"wp:attachment":[{"href":"https:\/\/bemsinsaat.com.tr\/index.php\/wp-json\/wp\/v2\/media?parent=142"}],"curies":[{"name":"wp","href":"https:\/\/api.w.org\/{rel}","templated":true}]}}