{"id":194,"date":"2024-04-23T12:18:34","date_gmt":"2024-04-23T12:18:34","guid":{"rendered":"https:\/\/bemsinsaat.com.tr\/?page_id=194"},"modified":"2024-04-23T12:58:15","modified_gmt":"2024-04-23T12:58:15","slug":"cozum-ekibimiz","status":"publish","type":"page","link":"https:\/\/bemsinsaat.com.tr\/index.php\/cozum-ekibimiz\/","title":{"rendered":"\u00c7\u00f6z\u00fcm Ekibimiz"},"content":{"rendered":"<p><img loading=\"lazy\" decoding=\"async\" class=\"alignnone size-full wp-image-223\" src=\"http:\/\/bemsinsaat.com.tr\/wp-content\/uploads\/2024\/04\/is_modelleri-1-1.png\" alt=\"\" width=\"1280\" height=\"720\" srcset=\"https:\/\/bemsinsaat.com.tr\/wp-content\/uploads\/2024\/04\/is_modelleri-1-1.png 1280w, https:\/\/bemsinsaat.com.tr\/wp-content\/uploads\/2024\/04\/is_modelleri-1-1-300x169.png 300w, https:\/\/bemsinsaat.com.tr\/wp-content\/uploads\/2024\/04\/is_modelleri-1-1-1024x576.png 1024w, https:\/\/bemsinsaat.com.tr\/wp-content\/uploads\/2024\/04\/is_modelleri-1-1-768x432.png 768w\" sizes=\"auto, (max-width: 1280px) 100vw, 1280px\" \/> <img loading=\"lazy\" decoding=\"async\" class=\"alignnone size-full wp-image-224\" src=\"http:\/\/bemsinsaat.com.tr\/wp-content\/uploads\/2024\/04\/is_modelleri-2-1.png\" alt=\"\" width=\"1280\" height=\"720\" srcset=\"https:\/\/bemsinsaat.com.tr\/wp-content\/uploads\/2024\/04\/is_modelleri-2-1.png 1280w, https:\/\/bemsinsaat.com.tr\/wp-content\/uploads\/2024\/04\/is_modelleri-2-1-300x169.png 300w, https:\/\/bemsinsaat.com.tr\/wp-content\/uploads\/2024\/04\/is_modelleri-2-1-1024x576.png 1024w, https:\/\/bemsinsaat.com.tr\/wp-content\/uploads\/2024\/04\/is_modelleri-2-1-768x432.png 768w\" sizes=\"auto, (max-width: 1280px) 100vw, 1280px\" \/><\/p>\n","protected":false},"excerpt":{"rendered":"","protected":false},"author":1,"featured_media":0,"parent":0,"menu_order":0,"comment_status":"closed","ping_status":"closed","template":"","meta":{"footnotes":""},"class_list":["post-194","page","type-page","status-publish","hentry"],"_links":{"self":[{"href":"https:\/\/bemsinsaat.com.tr\/index.php\/wp-json\/wp\/v2\/pages\/194","targetHints":{"allow":["GET"]}}],"collection":[{"href":"https:\/\/bemsinsaat.com.tr\/index.php\/wp-json\/wp\/v2\/pages"}],"about":[{"href":"https:\/\/bemsinsaat.com.tr\/index.php\/wp-json\/wp\/v2\/types\/page"}],"author":[{"embeddable":true,"href":"https:\/\/bemsinsaat.com.tr\/index.php\/wp-json\/wp\/v2\/users\/1"}],"replies":[{"embeddable":true,"href":"https:\/\/bemsinsaat.com.tr\/index.php\/wp-json\/wp\/v2\/comments?post=194"}],"version-history":[{"count":2,"href":"https:\/\/bemsinsaat.com.tr\/index.php\/wp-json\/wp\/v2\/pages\/194\/revisions"}],"predecessor-version":[{"id":225,"href":"https:\/\/bemsinsaat.com.tr\/index.php\/wp-json\/wp\/v2\/pages\/194\/revisions\/225"}],"wp:attachment":[{"href":"https:\/\/bemsinsaat.com.tr\/index.php\/wp-json\/wp\/v2\/media?parent=194"}],"curies":[{"name":"wp","href":"https:\/\/api.w.org\/{rel}","templated":true}]}}